{"id":1107,"date":"2020-10-21T12:40:02","date_gmt":"2020-10-21T12:40:02","guid":{"rendered":"https:\/\/elipsa.qodeinteractive.com\/?page_id=1107"},"modified":"2023-10-09T09:03:52","modified_gmt":"2023-10-09T07:03:52","slug":"o-blogu","status":"publish","type":"page","link":"https:\/\/arxxitektura.rs\/en\/o-blogu\/","title":{"rendered":"Blog Umetnost kontrasta"},"content":{"rendered":"<div data-elementor-type=\"wp-page\" data-elementor-id=\"1107\" class=\"elementor elementor-1107\">\n\t\t\t\t\t\t<section class=\"elementor-section elementor-top-section elementor-element elementor-element-bf90100 qodef-elementor-content-grid elementor-section-stretched elementor-section-boxed elementor-section-height-default elementor-section-height-default\" data-id=\"bf90100\" data-element_type=\"section\" data-e-type=\"section\" data-settings=\"{&quot;background_background&quot;:&quot;classic&quot;,&quot;stretch_section&quot;:&quot;section-stretched&quot;}\">\n\t\t\t\t\t\t<div class=\"elementor-container elementor-column-gap-default\">\n\t\t\t\t\t<div class=\"elementor-column elementor-col-100 elementor-top-column elementor-element elementor-element-0617ecf\" data-id=\"0617ecf\" data-element_type=\"column\" data-e-type=\"column\">\n\t\t\t<div class=\"elementor-widget-wrap elementor-element-populated\">\n\t\t\t\t\t\t<div class=\"elementor-element elementor-element-46bdfaa elementor-widget elementor-widget-wp-widget-media_image\" data-id=\"46bdfaa\" data-element_type=\"widget\" data-e-type=\"widget\" data-widget_type=\"wp-widget-media_image.default\">\n\t\t\t\t<div class=\"elementor-widget-container\">\n\t\t\t\t\t<img fetchpriority=\"high\" decoding=\"async\" width=\"1300\" height=\"516\" src=\"https:\/\/arxxitektura.rs\/wp-content\/uploads\/2021\/05\/imidz-za-page-o-blogu.jpg\" class=\"image wp-image-8739  attachment-full size-full\" alt=\"\" style=\"max-width: 100%; height: auto;\" srcset=\"https:\/\/arxxitektura.rs\/wp-content\/uploads\/2021\/05\/imidz-za-page-o-blogu.jpg 1300w, https:\/\/arxxitektura.rs\/wp-content\/uploads\/2021\/05\/imidz-za-page-o-blogu-300x119.jpg 300w, https:\/\/arxxitektura.rs\/wp-content\/uploads\/2021\/05\/imidz-za-page-o-blogu-1024x406.jpg 1024w, https:\/\/arxxitektura.rs\/wp-content\/uploads\/2021\/05\/imidz-za-page-o-blogu-768x305.jpg 768w\" sizes=\"(max-width: 1300px) 100vw, 1300px\" \/>\t\t\t\t<\/div>\n\t\t\t\t<\/div>\n\t\t\t\t\t<\/div>\n\t\t<\/div>\n\t\t\t\t\t<\/div>\n\t\t<\/section>\n\t\t\t\t<section class=\"elementor-section elementor-top-section elementor-element elementor-element-c5895a7 elementor-section-boxed elementor-section-height-default elementor-section-height-default qodef-elementor-content-no\" data-id=\"c5895a7\" data-element_type=\"section\" data-e-type=\"section\">\n\t\t\t\t\t\t<div class=\"elementor-container elementor-column-gap-default\">\n\t\t\t\t\t<div class=\"elementor-column elementor-col-50 elementor-top-column elementor-element elementor-element-a65c0da\" data-id=\"a65c0da\" data-element_type=\"column\" data-e-type=\"column\">\n\t\t\t<div class=\"elementor-widget-wrap elementor-element-populated\">\n\t\t\t\t\t\t<div class=\"elementor-element elementor-element-bb78b99 elementor-widget elementor-widget-elipsa_core_dropcaps\" data-id=\"bb78b99\" data-element_type=\"widget\" data-e-type=\"widget\" data-widget_type=\"elipsa_core_dropcaps.default\">\n\t\t\t\t<div class=\"elementor-widget-container\">\n\t\t\t\t\t<div class=\"qodef-shortcode qodef-m qodef-dropcaps qodef-type--simple\">\n\t<span class=\"qodef-m-letter\" >A<\/span>\n\t\t\t<p class=\"qodef-m-text\" >The art of contrast is a topic that the website Arxxitektura deals with. It is intended for everyone who is interested in the 21st century through the prism of art and architecture. My focus is on clarifying the gradual development of ideas that imposed the biggest names in art and thus greatly inspired architects to design their aesthetics as a response to the times in which they lived. <\/p>\n\t<\/div>\t\t\t\t<\/div>\n\t\t\t\t<\/div>\n\t\t\t\t<div class=\"elementor-element elementor-element-c1a7b14 elementor-widget elementor-widget-text-editor\" data-id=\"c1a7b14\" data-element_type=\"widget\" data-e-type=\"widget\" data-widget_type=\"text-editor.default\">\n\t\t\t\t<div class=\"elementor-widget-container\">\n\t\t\t\t\t\t\t\t\t<p>With the author's selection of drawings from art and architecture, I create a mosaic and explain the principles of contrast in the city's architectural fabric. Art of Contrast comes from the conclusion that from the 20th century onwards, CONTRAST in the urban fabric is a rule and not an incident. The selection of artists and their works is not a comprehensive analysis of the life and work of an artist or an architect but a function of elaborating on the chosen topic.\u00a0 \u00a0 \u00a0 \u00a0 \u00a0 \u00a0 \u00a0 \u00a0 \u00a0 \u00a0 \u00a0 \u00a0 \u00a0 \u00a0 \u00a0 \u00a0 \u00a0 \u00a0 \u00a0 \u00a0 \u00a0 \u00a0 \u00a0 \u00a0 \u00a0<\/p>\t\t\t\t\t\t\t\t<\/div>\n\t\t\t\t<\/div>\n\t\t\t\t\t<\/div>\n\t\t<\/div>\n\t\t\t\t<div class=\"elementor-column elementor-col-50 elementor-top-column elementor-element elementor-element-d5cbb96\" data-id=\"d5cbb96\" data-element_type=\"column\" data-e-type=\"column\">\n\t\t\t<div class=\"elementor-widget-wrap elementor-element-populated\">\n\t\t\t\t\t\t<div class=\"elementor-element elementor-element-8c5669c elementor-widget elementor-widget-text-editor\" data-id=\"8c5669c\" data-element_type=\"widget\" data-e-type=\"widget\" data-widget_type=\"text-editor.default\">\n\t\t\t\t<div class=\"elementor-widget-container\">\n\t\t\t\t\t\t\t\t\t<p>My architectural education is aimed at the protection and revitalization of architectural heritage, but the 20th century cannot be understood without knowing the artistic trends and authors of that time. Abstraction, the representation of the invisible, i.e. the artist's soul in painting led to visually radically different aesthetics in architecture as well.<\/p>\t\t\t\t\t\t\t\t<\/div>\n\t\t\t\t<\/div>\n\t\t\t\t<div class=\"elementor-element elementor-element-64a6221 elementor-widget elementor-widget-text-editor\" data-id=\"64a6221\" data-element_type=\"widget\" data-e-type=\"widget\" data-widget_type=\"text-editor.default\">\n\t\t\t\t<div class=\"elementor-widget-container\">\n\t\t\t\t\t\t\t\t\t<p>The art scene exerted its influence on the architects and created a philosophical basis for the dialogue between the old and the new. Contemporary architecture in historical city centers has its equal position. This was made possible by the centuries-old development of ideas originating from artists and movements.\u00a0<\/p>\t\t\t\t\t\t\t\t<\/div>\n\t\t\t\t<\/div>\n\t\t\t\t\t<\/div>\n\t\t<\/div>\n\t\t\t\t\t<\/div>\n\t\t<\/section>\n\t\t\t\t<section class=\"elementor-section elementor-top-section elementor-element elementor-element-7135c91 elementor-section-boxed elementor-section-height-default elementor-section-height-default qodef-elementor-content-no\" data-id=\"7135c91\" data-element_type=\"section\" data-e-type=\"section\">\n\t\t\t\t\t\t<div class=\"elementor-container elementor-column-gap-default\">\n\t\t\t\t\t<div class=\"elementor-column elementor-col-100 elementor-top-column elementor-element elementor-element-24b1749\" data-id=\"24b1749\" data-element_type=\"column\" data-e-type=\"column\">\n\t\t\t<div class=\"elementor-widget-wrap elementor-element-populated\">\n\t\t\t\t\t\t<section class=\"elementor-section elementor-inner-section elementor-element elementor-element-b62cdbc elementor-section-boxed elementor-section-height-default elementor-section-height-default qodef-elementor-content-no\" data-id=\"b62cdbc\" data-element_type=\"section\" data-e-type=\"section\">\n\t\t\t\t\t\t<div class=\"elementor-container elementor-column-gap-default\">\n\t\t\t\t\t<div class=\"elementor-column elementor-col-50 elementor-inner-column elementor-element elementor-element-160d870\" data-id=\"160d870\" data-element_type=\"column\" data-e-type=\"column\">\n\t\t\t<div class=\"elementor-widget-wrap\">\n\t\t\t\t\t\t\t<\/div>\n\t\t<\/div>\n\t\t\t\t<div class=\"elementor-column elementor-col-50 elementor-inner-column elementor-element elementor-element-0f0f275\" data-id=\"0f0f275\" data-element_type=\"column\" data-e-type=\"column\">\n\t\t\t<div class=\"elementor-widget-wrap elementor-element-populated\">\n\t\t\t\t\t\t<div class=\"elementor-element elementor-element-e57af7f elementor-widget elementor-widget-text-editor\" data-id=\"e57af7f\" data-element_type=\"widget\" data-e-type=\"widget\" data-widget_type=\"text-editor.default\">\n\t\t\t\t<div class=\"elementor-widget-container\">\n\t\t\t\t\t\t\t\t\t<p>blog author<\/p><p>Arch, Danijela Rajovi\u0107<\/p>\t\t\t\t\t\t\t\t<\/div>\n\t\t\t\t<\/div>\n\t\t\t\t\t<\/div>\n\t\t<\/div>\n\t\t\t\t\t<\/div>\n\t\t<\/section>\n\t\t\t\t\t<\/div>\n\t\t<\/div>\n\t\t\t\t\t<\/div>\n\t\t<\/section>\n\t\t\t\t<section class=\"elementor-section elementor-top-section elementor-element elementor-element-2b9ab81e qodef-elementor-content-grid elementor-section-stretched elementor-section-boxed elementor-section-height-default elementor-section-height-default\" data-id=\"2b9ab81e\" data-element_type=\"section\" data-e-type=\"section\" data-settings=\"{&quot;background_background&quot;:&quot;classic&quot;,&quot;stretch_section&quot;:&quot;section-stretched&quot;}\">\n\t\t\t\t\t\t<div class=\"elementor-container elementor-column-gap-default\">\n\t\t\t\t\t<div class=\"elementor-column elementor-col-50 elementor-top-column elementor-element elementor-element-407cc23c\" data-id=\"407cc23c\" data-element_type=\"column\" data-e-type=\"column\" data-settings=\"{&quot;background_background&quot;:&quot;classic&quot;}\">\n\t\t\t<div class=\"elementor-widget-wrap elementor-element-populated\">\n\t\t\t\t\t\t<div class=\"elementor-element elementor-element-5c0aad99 elementor-widget elementor-widget-wp-widget-media_image\" data-id=\"5c0aad99\" data-element_type=\"widget\" data-e-type=\"widget\" data-widget_type=\"wp-widget-media_image.default\">\n\t\t\t\t<div class=\"elementor-widget-container\">\n\t\t\t\t\t<img decoding=\"async\" width=\"619\" height=\"403\" src=\"https:\/\/arxxitektura.rs\/wp-content\/uploads\/2021\/06\/zamena-za-home-page.png\" class=\"image wp-image-9433  attachment-full size-full\" alt=\"\" style=\"max-width: 100%; height: auto;\" srcset=\"https:\/\/arxxitektura.rs\/wp-content\/uploads\/2021\/06\/zamena-za-home-page.png 619w, https:\/\/arxxitektura.rs\/wp-content\/uploads\/2021\/06\/zamena-za-home-page-300x195.png 300w\" sizes=\"(max-width: 619px) 100vw, 619px\" \/>\t\t\t\t<\/div>\n\t\t\t\t<\/div>\n\t\t\t\t\t<\/div>\n\t\t<\/div>\n\t\t\t\t<div class=\"elementor-column elementor-col-50 elementor-top-column elementor-element elementor-element-4d4000cd\" data-id=\"4d4000cd\" data-element_type=\"column\" data-e-type=\"column\" data-settings=\"{&quot;background_background&quot;:&quot;classic&quot;}\">\n\t\t\t<div class=\"elementor-widget-wrap elementor-element-populated\">\n\t\t\t\t\t\t<div class=\"elementor-element elementor-element-73f33310 elementor-widget elementor-widget-elipsa_core_section_title\" data-id=\"73f33310\" data-element_type=\"widget\" data-e-type=\"widget\" data-widget_type=\"elipsa_core_section_title.default\">\n\t\t\t\t<div class=\"elementor-widget-container\">\n\t\t\t\t\t<div class=\"qodef-shortcode qodef-m qodef-section-title qodef-alignment--left\">\n\t\t<h3 class=\"qodef-m-title\" >\n\t\t\t\t\tProvide moments of relaxation<br \/> through stories about art and architecture. Welcome!\t\t\t<\/h3>\n\t\t\t<p class=\"qodef-m-text\" style=\"margin-top: 25px\">A flash of travel through architecture in the XXI century. What does the dialogue between the old and the new look like? Who are the visionaries who changed the art and architectural scene? <\/p>\n<\/div>\t\t\t\t<\/div>\n\t\t\t\t<\/div>\n\t\t\t\t<div class=\"elementor-element elementor-element-7f66dac6 elementor-widget elementor-widget-elipsa_core_button\" data-id=\"7f66dac6\" data-element_type=\"widget\" data-e-type=\"widget\" data-widget_type=\"elipsa_core_button.default\">\n\t\t\t\t<div class=\"elementor-widget-container\">\n\t\t\t\t\t<a class=\"qodef-shortcode qodef-m qodef-button qodef-layout--textual qodef-html--link\" href=\"https:\/\/arxxitektura.rs\/en\/category-list\/\" target=\"_self\"  >\n\tfind out\t<svg class=\"qodef-svg--arrow-button\"\n\t xmlns=\"http:\/\/www.w3.org\/2000\/svg\"\n\t xmlns:xlink=\"http:\/\/www.w3.org\/1999\/xlink\"\n\t x=\"0px\"\n\t y=\"0px\"\n\t viewbox=\"0 0 31.5 30.5\"\n\t style=\"enable-background:new 0 0 31.5 30.5;\"\n\t xml:space=\"preserve\">\n    <g>\n\t\t<line x1=\"0.6\" y1=\"15.2\" x2=\"30.8\" y2=\"15.2\" \/>\n\t\t<path d=\"M30.9,15.2c-1.9-0.9-5.1-2.8-7.9-6.3c-2.6-3.2-3.9-6.3-4.5-8.3\" \/>\n\t\t<path d=\"M30.9,15.2c-1.9,0.9-5.1,2.8-7.9,6.3c-2.6,3.2-3.9,6.3-4.5,8.3\" \/>\n\t<\/g>\n<\/svg>\n<\/a>\n\t\t\t\t<\/div>\n\t\t\t\t<\/div>\n\t\t\t\t\t<\/div>\n\t\t<\/div>\n\t\t\t\t\t<\/div>\n\t\t<\/section>\n\t\t\t\t<\/div>","protected":false},"excerpt":{"rendered":"<p>U Umetnost kontrasta je tema kojom se bavi sajt Arxxitektura. Namenjen je svima koji su zainteresovani za XXI vek kroz prizmu umetnosti i arhitekture. Moj fokus je na razja\u0161njavanju postepenog razvoja ideje koja su nametala najve\u0107a imena u umetnosti i na taj na\u010din uveliko inspirisala arhitekte da osmisle svoju estetiku- kao odgovor na vreme u [&hellip;]<\/p>\n","protected":false},"author":1,"featured_media":10368,"parent":0,"menu_order":0,"comment_status":"closed","ping_status":"closed","template":"page-full-width.php","meta":{"footnotes":""},"class_list":["post-1107","page","type-page","status-publish","has-post-thumbnail","hentry"],"yoast_head":"<!-- This site is optimized with the Yoast SEO plugin v27.0 - https:\/\/yoast.com\/product\/yoast-seo-wordpress\/ -->\n<title>Blog Umetnost kontrasta &#8902; ARXXITEKTURA<\/title>\n<meta name=\"description\" content=\"Blog Arxxitektura (kra\u0107e Arxxi) istra\u017euje kontrast u umetnosti i arhitekturi. Poja\u0161njenje teme svodi se na Umetnost kontrasta. Budite \u010dlan!\" \/>\n<meta name=\"robots\" content=\"index, follow, max-snippet:-1, max-image-preview:large, max-video-preview:-1\" \/>\n<link rel=\"canonical\" href=\"https:\/\/arxxitektura.rs\/en\/o-blogu\/\" \/>\n<meta property=\"og:locale\" content=\"en_US\" \/>\n<meta property=\"og:type\" content=\"article\" \/>\n<meta property=\"og:title\" content=\"Blog Umetnost kontrasta &#8902; ARXXITEKTURA\" \/>\n<meta property=\"og:description\" content=\"Blog Arxxitektura (kra\u0107e Arxxi) istra\u017euje kontrast u umetnosti i arhitekturi. Poja\u0161njenje teme svodi se na Umetnost kontrasta. Budite \u010dlan!\" \/>\n<meta property=\"og:url\" content=\"https:\/\/arxxitektura.rs\/en\/o-blogu\/\" \/>\n<meta property=\"og:site_name\" content=\"ARXXITEKTURA\" \/>\n<meta property=\"article:modified_time\" content=\"2023-10-09T07:03:52+00:00\" \/>\n<meta property=\"og:image\" content=\"https:\/\/arxxitektura.rs\/wp-content\/uploads\/2021\/07\/Hibridna-skulptura-Roden.jpg\" \/>\n\t<meta property=\"og:image:width\" content=\"1026\" \/>\n\t<meta property=\"og:image:height\" content=\"770\" \/>\n\t<meta property=\"og:image:type\" content=\"image\/jpeg\" \/>\n<meta name=\"twitter:card\" content=\"summary_large_image\" \/>\n<meta name=\"twitter:label1\" content=\"Est. reading time\" \/>\n\t<meta name=\"twitter:data1\" content=\"2 minutes\" \/>\n<script type=\"application\/ld+json\" class=\"yoast-schema-graph\">{\"@context\":\"https:\/\/schema.org\",\"@graph\":[{\"@type\":\"WebPage\",\"@id\":\"https:\/\/arxxitektura.rs\/o-blogu\/\",\"url\":\"https:\/\/arxxitektura.rs\/o-blogu\/\",\"name\":\"Blog Umetnost kontrasta &#8902; ARXXITEKTURA\",\"isPartOf\":{\"@id\":\"https:\/\/arxxitektura.rs\/#website\"},\"primaryImageOfPage\":{\"@id\":\"https:\/\/arxxitektura.rs\/o-blogu\/#primaryimage\"},\"image\":{\"@id\":\"https:\/\/arxxitektura.rs\/o-blogu\/#primaryimage\"},\"thumbnailUrl\":\"https:\/\/arxxitektura.rs\/wp-content\/uploads\/2021\/07\/Hibridna-skulptura-Roden.jpg\",\"datePublished\":\"2020-10-21T12:40:02+00:00\",\"dateModified\":\"2023-10-09T07:03:52+00:00\",\"description\":\"Blog Arxxitektura (kra\u0107e Arxxi) istra\u017euje kontrast u umetnosti i arhitekturi. Poja\u0161njenje teme svodi se na Umetnost kontrasta. Budite \u010dlan!\",\"breadcrumb\":{\"@id\":\"https:\/\/arxxitektura.rs\/o-blogu\/#breadcrumb\"},\"inLanguage\":\"en-US\",\"potentialAction\":[{\"@type\":\"ReadAction\",\"target\":[\"https:\/\/arxxitektura.rs\/o-blogu\/\"]}]},{\"@type\":\"ImageObject\",\"inLanguage\":\"en-US\",\"@id\":\"https:\/\/arxxitektura.rs\/o-blogu\/#primaryimage\",\"url\":\"https:\/\/arxxitektura.rs\/wp-content\/uploads\/2021\/07\/Hibridna-skulptura-Roden.jpg\",\"contentUrl\":\"https:\/\/arxxitektura.rs\/wp-content\/uploads\/2021\/07\/Hibridna-skulptura-Roden.jpg\",\"width\":1026,\"height\":770,\"caption\":\"Hibrid skulptura Rodena, gipsana skulptura sme\u0161tena u antikvitet\"},{\"@type\":\"BreadcrumbList\",\"@id\":\"https:\/\/arxxitektura.rs\/o-blogu\/#breadcrumb\",\"itemListElement\":[{\"@type\":\"ListItem\",\"position\":1,\"name\":\"Home\",\"item\":\"https:\/\/arxxitektura.rs\/\"},{\"@type\":\"ListItem\",\"position\":2,\"name\":\"Blog Umetnost kontrasta\"}]},{\"@type\":\"WebSite\",\"@id\":\"https:\/\/arxxitektura.rs\/#website\",\"url\":\"https:\/\/arxxitektura.rs\/\",\"name\":\"ARXXITEKTURA\",\"description\":\"Blog  Umetnost Kontrasta\",\"publisher\":{\"@id\":\"https:\/\/arxxitektura.rs\/#\/schema\/person\/4d705f725a59e45c7211c1b818ba95c1\"},\"potentialAction\":[{\"@type\":\"SearchAction\",\"target\":{\"@type\":\"EntryPoint\",\"urlTemplate\":\"https:\/\/arxxitektura.rs\/?s={search_term_string}\"},\"query-input\":{\"@type\":\"PropertyValueSpecification\",\"valueRequired\":true,\"valueName\":\"search_term_string\"}}],\"inLanguage\":\"en-US\"},{\"@type\":[\"Person\",\"Organization\"],\"@id\":\"https:\/\/arxxitektura.rs\/#\/schema\/person\/4d705f725a59e45c7211c1b818ba95c1\",\"name\":\"arxxi_admin\",\"image\":{\"@type\":\"ImageObject\",\"inLanguage\":\"en-US\",\"@id\":\"https:\/\/arxxitektura.rs\/#\/schema\/person\/image\/\",\"url\":\"https:\/\/arxxitektura.rs\/wp-content\/uploads\/2021\/06\/portret-za-avatar.jpg\",\"contentUrl\":\"https:\/\/arxxitektura.rs\/wp-content\/uploads\/2021\/06\/portret-za-avatar.jpg\",\"width\":281,\"height\":500,\"caption\":\"arxxi_admin\"},\"logo\":{\"@id\":\"https:\/\/arxxitektura.rs\/#\/schema\/person\/image\/\"},\"description\":\"Arhitekta po obrazovanju . Istra\u017eujem teoretske osnove izgradnje savremenih objekata u istorijskom gradskom jezgru . Za\u0161tita istorijskog nasle\u0111a kroz revitalizaciju - novi \u017eivot za stare objekte .\",\"sameAs\":[\"https:\/\/arxxitektura.rs\",\"https:\/\/www.instagram.com\/arxxitekt\/\",\"https:\/\/www.pinterest.com\/artofcontrasting\/\",\"https:\/\/www.youtube.com\/channel\/UCAQHSoecXQ2ppMNFcrAO-4w\"]}]}<\/script>\n<!-- \/ Yoast SEO plugin. -->","yoast_head_json":{"title":"Blog Umetnost kontrasta &#8902; ARXXITEKTURA","description":"Blog Arxxitektura (kra\u0107e Arxxi) istra\u017euje kontrast u umetnosti i arhitekturi. Poja\u0161njenje teme svodi se na Umetnost kontrasta. Budite \u010dlan!","robots":{"index":"index","follow":"follow","max-snippet":"max-snippet:-1","max-image-preview":"max-image-preview:large","max-video-preview":"max-video-preview:-1"},"canonical":"https:\/\/arxxitektura.rs\/en\/o-blogu\/","og_locale":"en_US","og_type":"article","og_title":"Blog Umetnost kontrasta &#8902; ARXXITEKTURA","og_description":"Blog Arxxitektura (kra\u0107e Arxxi) istra\u017euje kontrast u umetnosti i arhitekturi. Poja\u0161njenje teme svodi se na Umetnost kontrasta. Budite \u010dlan!","og_url":"https:\/\/arxxitektura.rs\/en\/o-blogu\/","og_site_name":"ARXXITEKTURA","article_modified_time":"2023-10-09T07:03:52+00:00","og_image":[{"width":1026,"height":770,"url":"https:\/\/arxxitektura.rs\/wp-content\/uploads\/2021\/07\/Hibridna-skulptura-Roden.jpg","type":"image\/jpeg"}],"twitter_card":"summary_large_image","twitter_misc":{"Est. reading time":"2 minutes"},"schema":{"@context":"https:\/\/schema.org","@graph":[{"@type":"WebPage","@id":"https:\/\/arxxitektura.rs\/o-blogu\/","url":"https:\/\/arxxitektura.rs\/o-blogu\/","name":"Blog Umetnost kontrasta &#8902; ARXXITEKTURA","isPartOf":{"@id":"https:\/\/arxxitektura.rs\/#website"},"primaryImageOfPage":{"@id":"https:\/\/arxxitektura.rs\/o-blogu\/#primaryimage"},"image":{"@id":"https:\/\/arxxitektura.rs\/o-blogu\/#primaryimage"},"thumbnailUrl":"https:\/\/arxxitektura.rs\/wp-content\/uploads\/2021\/07\/Hibridna-skulptura-Roden.jpg","datePublished":"2020-10-21T12:40:02+00:00","dateModified":"2023-10-09T07:03:52+00:00","description":"Blog Arxxitektura (kra\u0107e Arxxi) istra\u017euje kontrast u umetnosti i arhitekturi. Poja\u0161njenje teme svodi se na Umetnost kontrasta. Budite \u010dlan!","breadcrumb":{"@id":"https:\/\/arxxitektura.rs\/o-blogu\/#breadcrumb"},"inLanguage":"en-US","potentialAction":[{"@type":"ReadAction","target":["https:\/\/arxxitektura.rs\/o-blogu\/"]}]},{"@type":"ImageObject","inLanguage":"en-US","@id":"https:\/\/arxxitektura.rs\/o-blogu\/#primaryimage","url":"https:\/\/arxxitektura.rs\/wp-content\/uploads\/2021\/07\/Hibridna-skulptura-Roden.jpg","contentUrl":"https:\/\/arxxitektura.rs\/wp-content\/uploads\/2021\/07\/Hibridna-skulptura-Roden.jpg","width":1026,"height":770,"caption":"Hibrid skulptura Rodena, gipsana skulptura sme\u0161tena u antikvitet"},{"@type":"BreadcrumbList","@id":"https:\/\/arxxitektura.rs\/o-blogu\/#breadcrumb","itemListElement":[{"@type":"ListItem","position":1,"name":"Home","item":"https:\/\/arxxitektura.rs\/"},{"@type":"ListItem","position":2,"name":"Blog Umetnost kontrasta"}]},{"@type":"WebSite","@id":"https:\/\/arxxitektura.rs\/#website","url":"https:\/\/arxxitektura.rs\/","name":"ARXXITEKTURA","description":"Blog  Umetnost Kontrasta","publisher":{"@id":"https:\/\/arxxitektura.rs\/#\/schema\/person\/4d705f725a59e45c7211c1b818ba95c1"},"potentialAction":[{"@type":"SearchAction","target":{"@type":"EntryPoint","urlTemplate":"https:\/\/arxxitektura.rs\/?s={search_term_string}"},"query-input":{"@type":"PropertyValueSpecification","valueRequired":true,"valueName":"search_term_string"}}],"inLanguage":"en-US"},{"@type":["Person","Organization"],"@id":"https:\/\/arxxitektura.rs\/#\/schema\/person\/4d705f725a59e45c7211c1b818ba95c1","name":"arxxi_admin","image":{"@type":"ImageObject","inLanguage":"en-US","@id":"https:\/\/arxxitektura.rs\/#\/schema\/person\/image\/","url":"https:\/\/arxxitektura.rs\/wp-content\/uploads\/2021\/06\/portret-za-avatar.jpg","contentUrl":"https:\/\/arxxitektura.rs\/wp-content\/uploads\/2021\/06\/portret-za-avatar.jpg","width":281,"height":500,"caption":"arxxi_admin"},"logo":{"@id":"https:\/\/arxxitektura.rs\/#\/schema\/person\/image\/"},"description":"Architect by education. I am researching the theoretical foundations of the construction of modern buildings in the historic city core. Protection of historical heritage through revitalization - new life for old buildings.","sameAs":["https:\/\/arxxitektura.rs","https:\/\/www.instagram.com\/arxxitekt\/","https:\/\/www.pinterest.com\/artofcontrasting\/","https:\/\/www.youtube.com\/channel\/UCAQHSoecXQ2ppMNFcrAO-4w"]}]}},"_links":{"self":[{"href":"https:\/\/arxxitektura.rs\/en\/wp-json\/wp\/v2\/pages\/1107","targetHints":{"allow":["GET"]}}],"collection":[{"href":"https:\/\/arxxitektura.rs\/en\/wp-json\/wp\/v2\/pages"}],"about":[{"href":"https:\/\/arxxitektura.rs\/en\/wp-json\/wp\/v2\/types\/page"}],"author":[{"embeddable":true,"href":"https:\/\/arxxitektura.rs\/en\/wp-json\/wp\/v2\/users\/1"}],"replies":[{"embeddable":true,"href":"https:\/\/arxxitektura.rs\/en\/wp-json\/wp\/v2\/comments?post=1107"}],"version-history":[{"count":77,"href":"https:\/\/arxxitektura.rs\/en\/wp-json\/wp\/v2\/pages\/1107\/revisions"}],"predecessor-version":[{"id":15574,"href":"https:\/\/arxxitektura.rs\/en\/wp-json\/wp\/v2\/pages\/1107\/revisions\/15574"}],"wp:featuredmedia":[{"embeddable":true,"href":"https:\/\/arxxitektura.rs\/en\/wp-json\/wp\/v2\/media\/10368"}],"wp:attachment":[{"href":"https:\/\/arxxitektura.rs\/en\/wp-json\/wp\/v2\/media?parent=1107"}],"curies":[{"name":"wp","href":"https:\/\/api.w.org\/{rel}","templated":true}]}}