{"id":6331,"date":"2021-01-22T13:15:33","date_gmt":"2021-01-22T12:15:33","guid":{"rendered":"https:\/\/elipsa.qodeinteractive.com\/?page_id=6331"},"modified":"2023-10-03T19:53:42","modified_gmt":"2023-10-03T17:53:42","slug":"category-list","status":"publish","type":"page","link":"https:\/\/arxxitektura.rs\/en\/category-list\/","title":{"rendered":"Category"},"content":{"rendered":"<div data-elementor-type=\"wp-page\" data-elementor-id=\"6331\" class=\"elementor elementor-6331\">\n\t\t\t\t\t\t<section class=\"elementor-section elementor-top-section elementor-element elementor-element-a11a3aa qodef-elementor-content-grid elementor-section-boxed elementor-section-height-default elementor-section-height-default\" data-id=\"a11a3aa\" data-element_type=\"section\" data-e-type=\"section\">\n\t\t\t\t\t\t<div class=\"elementor-container elementor-column-gap-default\">\n\t\t\t\t\t<div class=\"elementor-column elementor-col-100 elementor-top-column elementor-element elementor-element-8bf2909\" data-id=\"8bf2909\" data-element_type=\"column\" data-e-type=\"column\">\n\t\t\t<div class=\"elementor-widget-wrap elementor-element-populated\">\n\t\t\t\t\t\t<div class=\"elementor-element elementor-element-a073b11 elementor-widget elementor-widget-elipsa_core_blog_categories_list\" data-id=\"a073b11\" data-element_type=\"widget\" data-e-type=\"widget\" data-widget_type=\"elipsa_core_blog_categories_list.default\">\n\t\t\t\t<div class=\"elementor-widget-container\">\n\t\t\t\t\t<div class=\"qodef-shortcode qodef-m qodef-blog-categories-list qodef-item-layout--info-below qodef-grid qodef-layout--columns qodef-gutter--normal qodef-col-num--2 qodef-item-layout--info-below qodef-responsive--custom qodef-col-num--1440--2 qodef-col-num--1366--2 qodef-col-num--1024--2 qodef-col-num--768--2 qodef-col-num--680--1 qodef-col-num--480--1\">\n    <div class=\"qodef-grid-inner clear\">\n        <div class=\"qodef-e qodef-grid-item qodef-item--full\">\n    <a class=\"qodef-e-link\" href=\"https:\/\/arxxitektura.rs\/en\/category\/art\/\">\n        <img fetchpriority=\"high\" decoding=\"async\" width=\"600\" height=\"460\" src=\"https:\/\/arxxitektura.rs\/wp-content\/uploads\/2021\/05\/imidz-za-art-600-rotated.jpg\" class=\"attachment-full size-full\" alt=\"\" srcset=\"https:\/\/arxxitektura.rs\/wp-content\/uploads\/2021\/05\/imidz-za-art-600-rotated.jpg 600w, https:\/\/arxxitektura.rs\/wp-content\/uploads\/2021\/05\/imidz-za-art-600-300x230.jpg 300w\" sizes=\"(max-width: 600px) 100vw, 600px\" \/>        <p class=\"qodef-e-title\">\n    <span class=\"qodef-m-text\">Art<\/span><span class=\"qodef-m-count\">6<\/span>\n<\/p>    <\/a>\n<\/div><div class=\"qodef-e qodef-grid-item qodef-item--full\">\n    <a class=\"qodef-e-link\" href=\"https:\/\/arxxitektura.rs\/en\/category\/kontrast-u-arhitekturi\/\">\n        <img decoding=\"async\" width=\"600\" height=\"460\" src=\"https:\/\/arxxitektura.rs\/wp-content\/uploads\/2021\/05\/imidz-Galerija-600x460-1.jpg\" class=\"attachment-full size-full\" alt=\"\" srcset=\"https:\/\/arxxitektura.rs\/wp-content\/uploads\/2021\/05\/imidz-Galerija-600x460-1.jpg 600w, https:\/\/arxxitektura.rs\/wp-content\/uploads\/2021\/05\/imidz-Galerija-600x460-1-300x230.jpg 300w\" sizes=\"(max-width: 600px) 100vw, 600px\" \/>        <p class=\"qodef-e-title\">\n    <span class=\"qodef-m-text\">Contrast in architecture<\/span><span class=\"qodef-m-count\">4<\/span>\n<\/p>    <\/a>\n<\/div><div class=\"qodef-e qodef-grid-item qodef-item--full\">\n    <a class=\"qodef-e-link\" href=\"https:\/\/arxxitektura.rs\/en\/category\/kontrast-u-umetnosti\/\">\n        <img decoding=\"async\" width=\"600\" height=\"460\" src=\"https:\/\/arxxitektura.rs\/wp-content\/uploads\/2021\/05\/imidz-za-o-kontrastu-600x460-1.jpg\" class=\"attachment-full size-full\" alt=\"\" srcset=\"https:\/\/arxxitektura.rs\/wp-content\/uploads\/2021\/05\/imidz-za-o-kontrastu-600x460-1.jpg 600w, https:\/\/arxxitektura.rs\/wp-content\/uploads\/2021\/05\/imidz-za-o-kontrastu-600x460-1-300x230.jpg 300w\" sizes=\"(max-width: 600px) 100vw, 600px\" \/>        <p class=\"qodef-e-title\">\n    <span class=\"qodef-m-text\">Contrast in Art<\/span><span class=\"qodef-m-count\">9<\/span>\n<\/p>    <\/a>\n<\/div><div class=\"qodef-e qodef-grid-item qodef-item--full\">\n    <a class=\"qodef-e-link\" href=\"https:\/\/arxxitektura.rs\/en\/category\/srbija-balkan\/\">\n        <img loading=\"lazy\" decoding=\"async\" width=\"600\" height=\"460\" src=\"https:\/\/arxxitektura.rs\/wp-content\/uploads\/2021\/06\/video-1-600X460.jpg\" class=\"attachment-full size-full\" alt=\"\" srcset=\"https:\/\/arxxitektura.rs\/wp-content\/uploads\/2021\/06\/video-1-600X460.jpg 600w, https:\/\/arxxitektura.rs\/wp-content\/uploads\/2021\/06\/video-1-600X460-300x230.jpg 300w\" sizes=\"(max-width: 600px) 100vw, 600px\" \/>        <p class=\"qodef-e-title\">\n    <span class=\"qodef-m-text\">Serbia Balkans<\/span><span class=\"qodef-m-count\">7<\/span>\n<\/p>    <\/a>\n<\/div>    <\/div>\n<\/div>\t\t\t\t<\/div>\n\t\t\t\t<\/div>\n\t\t\t\t\t<\/div>\n\t\t<\/div>\n\t\t\t\t\t<\/div>\n\t\t<\/section>\n\t\t\t\t<\/div>","protected":false},"excerpt":{"rendered":"<p>Art3 Galerija3 Kontrast3 Video1<\/p>","protected":false},"author":1,"featured_media":10368,"parent":0,"menu_order":0,"comment_status":"closed","ping_status":"closed","template":"","meta":{"footnotes":""},"class_list":["post-6331","page","type-page","status-publish","has-post-thumbnail","hentry"],"yoast_head":"<!-- This site is optimized with the Yoast SEO plugin v27.0 - https:\/\/yoast.com\/product\/yoast-seo-wordpress\/ -->\n<title>Kategorija &#8902; ARXXITEKTURA<\/title>\n<meta name=\"description\" content=\"Kategorije Arxxitektura (kra\u0107e Arxxi) istra\u017euje kontrast u umetnosti i arhitekturi. Poja\u0161njenje teme je Umetnost kontrasta. Budi \u010dlan!\" \/>\n<meta name=\"robots\" content=\"index, follow, max-snippet:-1, max-image-preview:large, max-video-preview:-1\" \/>\n<link rel=\"canonical\" href=\"https:\/\/arxxitektura.rs\/en\/category-list\/\" \/>\n<meta property=\"og:locale\" content=\"en_US\" \/>\n<meta property=\"og:type\" content=\"article\" \/>\n<meta property=\"og:title\" content=\"Kategorija &#8902; ARXXITEKTURA\" \/>\n<meta property=\"og:description\" content=\"Kategorije Arxxitektura (kra\u0107e Arxxi) istra\u017euje kontrast u umetnosti i arhitekturi. Poja\u0161njenje teme je Umetnost kontrasta. Budi \u010dlan!\" \/>\n<meta property=\"og:url\" content=\"https:\/\/arxxitektura.rs\/en\/category-list\/\" \/>\n<meta property=\"og:site_name\" content=\"ARXXITEKTURA\" \/>\n<meta property=\"article:modified_time\" content=\"2023-10-03T17:53:42+00:00\" \/>\n<meta property=\"og:image\" content=\"https:\/\/arxxitektura.rs\/wp-content\/uploads\/2021\/07\/Hibridna-skulptura-Roden.jpg\" \/>\n\t<meta property=\"og:image:width\" content=\"1026\" \/>\n\t<meta property=\"og:image:height\" content=\"770\" \/>\n\t<meta property=\"og:image:type\" content=\"image\/jpeg\" \/>\n<meta name=\"twitter:card\" content=\"summary_large_image\" \/>\n<meta name=\"twitter:label1\" content=\"Est. reading time\" \/>\n\t<meta name=\"twitter:data1\" content=\"2 minutes\" \/>\n<script type=\"application\/ld+json\" class=\"yoast-schema-graph\">{\"@context\":\"https:\/\/schema.org\",\"@graph\":[{\"@type\":\"WebPage\",\"@id\":\"https:\/\/arxxitektura.rs\/category-list\/\",\"url\":\"https:\/\/arxxitektura.rs\/category-list\/\",\"name\":\"Kategorija &#8902; ARXXITEKTURA\",\"isPartOf\":{\"@id\":\"https:\/\/arxxitektura.rs\/#website\"},\"primaryImageOfPage\":{\"@id\":\"https:\/\/arxxitektura.rs\/category-list\/#primaryimage\"},\"image\":{\"@id\":\"https:\/\/arxxitektura.rs\/category-list\/#primaryimage\"},\"thumbnailUrl\":\"https:\/\/arxxitektura.rs\/wp-content\/uploads\/2021\/07\/Hibridna-skulptura-Roden.jpg\",\"datePublished\":\"2021-01-22T12:15:33+00:00\",\"dateModified\":\"2023-10-03T17:53:42+00:00\",\"description\":\"Kategorije Arxxitektura (kra\u0107e Arxxi) istra\u017euje kontrast u umetnosti i arhitekturi. Poja\u0161njenje teme je Umetnost kontrasta. Budi \u010dlan!\",\"breadcrumb\":{\"@id\":\"https:\/\/arxxitektura.rs\/category-list\/#breadcrumb\"},\"inLanguage\":\"en-US\",\"potentialAction\":[{\"@type\":\"ReadAction\",\"target\":[\"https:\/\/arxxitektura.rs\/category-list\/\"]}]},{\"@type\":\"ImageObject\",\"inLanguage\":\"en-US\",\"@id\":\"https:\/\/arxxitektura.rs\/category-list\/#primaryimage\",\"url\":\"https:\/\/arxxitektura.rs\/wp-content\/uploads\/2021\/07\/Hibridna-skulptura-Roden.jpg\",\"contentUrl\":\"https:\/\/arxxitektura.rs\/wp-content\/uploads\/2021\/07\/Hibridna-skulptura-Roden.jpg\",\"width\":1026,\"height\":770,\"caption\":\"Hibrid skulptura Rodena, gipsana skulptura sme\u0161tena u antikvitet\"},{\"@type\":\"BreadcrumbList\",\"@id\":\"https:\/\/arxxitektura.rs\/category-list\/#breadcrumb\",\"itemListElement\":[{\"@type\":\"ListItem\",\"position\":1,\"name\":\"Home\",\"item\":\"https:\/\/arxxitektura.rs\/\"},{\"@type\":\"ListItem\",\"position\":2,\"name\":\"Kategorija\"}]},{\"@type\":\"WebSite\",\"@id\":\"https:\/\/arxxitektura.rs\/#website\",\"url\":\"https:\/\/arxxitektura.rs\/\",\"name\":\"ARXXITEKTURA\",\"description\":\"Blog  Umetnost Kontrasta\",\"publisher\":{\"@id\":\"https:\/\/arxxitektura.rs\/#\/schema\/person\/4d705f725a59e45c7211c1b818ba95c1\"},\"potentialAction\":[{\"@type\":\"SearchAction\",\"target\":{\"@type\":\"EntryPoint\",\"urlTemplate\":\"https:\/\/arxxitektura.rs\/?s={search_term_string}\"},\"query-input\":{\"@type\":\"PropertyValueSpecification\",\"valueRequired\":true,\"valueName\":\"search_term_string\"}}],\"inLanguage\":\"en-US\"},{\"@type\":[\"Person\",\"Organization\"],\"@id\":\"https:\/\/arxxitektura.rs\/#\/schema\/person\/4d705f725a59e45c7211c1b818ba95c1\",\"name\":\"arxxi_admin\",\"image\":{\"@type\":\"ImageObject\",\"inLanguage\":\"en-US\",\"@id\":\"https:\/\/arxxitektura.rs\/#\/schema\/person\/image\/\",\"url\":\"https:\/\/arxxitektura.rs\/wp-content\/uploads\/2021\/06\/portret-za-avatar.jpg\",\"contentUrl\":\"https:\/\/arxxitektura.rs\/wp-content\/uploads\/2021\/06\/portret-za-avatar.jpg\",\"width\":281,\"height\":500,\"caption\":\"arxxi_admin\"},\"logo\":{\"@id\":\"https:\/\/arxxitektura.rs\/#\/schema\/person\/image\/\"},\"description\":\"Arhitekta po obrazovanju . Istra\u017eujem teoretske osnove izgradnje savremenih objekata u istorijskom gradskom jezgru . Za\u0161tita istorijskog nasle\u0111a kroz revitalizaciju - novi \u017eivot za stare objekte .\",\"sameAs\":[\"https:\/\/arxxitektura.rs\",\"https:\/\/www.instagram.com\/arxxitekt\/\",\"https:\/\/www.pinterest.com\/artofcontrasting\/\",\"https:\/\/www.youtube.com\/channel\/UCAQHSoecXQ2ppMNFcrAO-4w\"]}]}<\/script>\n<!-- \/ Yoast SEO plugin. -->","yoast_head_json":{"title":"Kategorija &#8902; ARXXITEKTURA","description":"Kategorije Arxxitektura (kra\u0107e Arxxi) istra\u017euje kontrast u umetnosti i arhitekturi. Poja\u0161njenje teme je Umetnost kontrasta. Budi \u010dlan!","robots":{"index":"index","follow":"follow","max-snippet":"max-snippet:-1","max-image-preview":"max-image-preview:large","max-video-preview":"max-video-preview:-1"},"canonical":"https:\/\/arxxitektura.rs\/en\/category-list\/","og_locale":"en_US","og_type":"article","og_title":"Kategorija &#8902; ARXXITEKTURA","og_description":"Kategorije Arxxitektura (kra\u0107e Arxxi) istra\u017euje kontrast u umetnosti i arhitekturi. Poja\u0161njenje teme je Umetnost kontrasta. Budi \u010dlan!","og_url":"https:\/\/arxxitektura.rs\/en\/category-list\/","og_site_name":"ARXXITEKTURA","article_modified_time":"2023-10-03T17:53:42+00:00","og_image":[{"width":1026,"height":770,"url":"https:\/\/arxxitektura.rs\/wp-content\/uploads\/2021\/07\/Hibridna-skulptura-Roden.jpg","type":"image\/jpeg"}],"twitter_card":"summary_large_image","twitter_misc":{"Est. reading time":"2 minutes"},"schema":{"@context":"https:\/\/schema.org","@graph":[{"@type":"WebPage","@id":"https:\/\/arxxitektura.rs\/category-list\/","url":"https:\/\/arxxitektura.rs\/category-list\/","name":"Kategorija &#8902; ARXXITEKTURA","isPartOf":{"@id":"https:\/\/arxxitektura.rs\/#website"},"primaryImageOfPage":{"@id":"https:\/\/arxxitektura.rs\/category-list\/#primaryimage"},"image":{"@id":"https:\/\/arxxitektura.rs\/category-list\/#primaryimage"},"thumbnailUrl":"https:\/\/arxxitektura.rs\/wp-content\/uploads\/2021\/07\/Hibridna-skulptura-Roden.jpg","datePublished":"2021-01-22T12:15:33+00:00","dateModified":"2023-10-03T17:53:42+00:00","description":"Kategorije Arxxitektura (kra\u0107e Arxxi) istra\u017euje kontrast u umetnosti i arhitekturi. Poja\u0161njenje teme je Umetnost kontrasta. Budi \u010dlan!","breadcrumb":{"@id":"https:\/\/arxxitektura.rs\/category-list\/#breadcrumb"},"inLanguage":"en-US","potentialAction":[{"@type":"ReadAction","target":["https:\/\/arxxitektura.rs\/category-list\/"]}]},{"@type":"ImageObject","inLanguage":"en-US","@id":"https:\/\/arxxitektura.rs\/category-list\/#primaryimage","url":"https:\/\/arxxitektura.rs\/wp-content\/uploads\/2021\/07\/Hibridna-skulptura-Roden.jpg","contentUrl":"https:\/\/arxxitektura.rs\/wp-content\/uploads\/2021\/07\/Hibridna-skulptura-Roden.jpg","width":1026,"height":770,"caption":"Hibrid skulptura Rodena, gipsana skulptura sme\u0161tena u antikvitet"},{"@type":"BreadcrumbList","@id":"https:\/\/arxxitektura.rs\/category-list\/#breadcrumb","itemListElement":[{"@type":"ListItem","position":1,"name":"Home","item":"https:\/\/arxxitektura.rs\/"},{"@type":"ListItem","position":2,"name":"Kategorija"}]},{"@type":"WebSite","@id":"https:\/\/arxxitektura.rs\/#website","url":"https:\/\/arxxitektura.rs\/","name":"ARXXITEKTURA","description":"Blog  Umetnost Kontrasta","publisher":{"@id":"https:\/\/arxxitektura.rs\/#\/schema\/person\/4d705f725a59e45c7211c1b818ba95c1"},"potentialAction":[{"@type":"SearchAction","target":{"@type":"EntryPoint","urlTemplate":"https:\/\/arxxitektura.rs\/?s={search_term_string}"},"query-input":{"@type":"PropertyValueSpecification","valueRequired":true,"valueName":"search_term_string"}}],"inLanguage":"en-US"},{"@type":["Person","Organization"],"@id":"https:\/\/arxxitektura.rs\/#\/schema\/person\/4d705f725a59e45c7211c1b818ba95c1","name":"arxxi_admin","image":{"@type":"ImageObject","inLanguage":"en-US","@id":"https:\/\/arxxitektura.rs\/#\/schema\/person\/image\/","url":"https:\/\/arxxitektura.rs\/wp-content\/uploads\/2021\/06\/portret-za-avatar.jpg","contentUrl":"https:\/\/arxxitektura.rs\/wp-content\/uploads\/2021\/06\/portret-za-avatar.jpg","width":281,"height":500,"caption":"arxxi_admin"},"logo":{"@id":"https:\/\/arxxitektura.rs\/#\/schema\/person\/image\/"},"description":"Architect by education. I am researching the theoretical foundations of the construction of modern buildings in the historic city core. Protection of historical heritage through revitalization - new life for old buildings.","sameAs":["https:\/\/arxxitektura.rs","https:\/\/www.instagram.com\/arxxitekt\/","https:\/\/www.pinterest.com\/artofcontrasting\/","https:\/\/www.youtube.com\/channel\/UCAQHSoecXQ2ppMNFcrAO-4w"]}]}},"_links":{"self":[{"href":"https:\/\/arxxitektura.rs\/en\/wp-json\/wp\/v2\/pages\/6331","targetHints":{"allow":["GET"]}}],"collection":[{"href":"https:\/\/arxxitektura.rs\/en\/wp-json\/wp\/v2\/pages"}],"about":[{"href":"https:\/\/arxxitektura.rs\/en\/wp-json\/wp\/v2\/types\/page"}],"author":[{"embeddable":true,"href":"https:\/\/arxxitektura.rs\/en\/wp-json\/wp\/v2\/users\/1"}],"replies":[{"embeddable":true,"href":"https:\/\/arxxitektura.rs\/en\/wp-json\/wp\/v2\/comments?post=6331"}],"version-history":[{"count":9,"href":"https:\/\/arxxitektura.rs\/en\/wp-json\/wp\/v2\/pages\/6331\/revisions"}],"predecessor-version":[{"id":15554,"href":"https:\/\/arxxitektura.rs\/en\/wp-json\/wp\/v2\/pages\/6331\/revisions\/15554"}],"wp:featuredmedia":[{"embeddable":true,"href":"https:\/\/arxxitektura.rs\/en\/wp-json\/wp\/v2\/media\/10368"}],"wp:attachment":[{"href":"https:\/\/arxxitektura.rs\/en\/wp-json\/wp\/v2\/media?parent=6331"}],"curies":[{"name":"wp","href":"https:\/\/api.w.org\/{rel}","templated":true}]}}